{"id":16,"date":"2024-07-25T17:46:17","date_gmt":"2024-07-25T17:46:17","guid":{"rendered":"https:\/\/nikicosmeticos.com.br\/?page_id=16"},"modified":"2024-07-25T21:04:01","modified_gmt":"2024-07-25T21:04:01","slug":"home","status":"publish","type":"page","link":"https:\/\/nikicosmeticos.com.br\/","title":{"rendered":"home"},"content":{"rendered":"\t\t<div data-elementor-type=\"wp-page\" data-elementor-id=\"16\" class=\"elementor elementor-16\" data-elementor-settings=\"[]\">\n\t\t\t\t\t\t\t<div class=\"elementor-section-wrap\">\n\t\t\t\t\t\t\t<section class=\"elementor-section elementor-top-section elementor-element elementor-element-37d55f13 elementor-section-full_width elementor-section-height-default elementor-section-height-default\" data-id=\"37d55f13\" data-element_type=\"section\" data-settings=\"{&quot;background_background&quot;:&quot;classic&quot;}\">\n\t\t\t\t\t\t\t<div class=\"elementor-background-overlay\"><\/div>\n\t\t\t\t\t\t\t<div class=\"elementor-container elementor-column-gap-default\">\n\t\t\t\t\t<div class=\"elementor-column elementor-col-100 elementor-top-column elementor-element elementor-element-c8d4744\" data-id=\"c8d4744\" data-element_type=\"column\">\n\t\t\t<div class=\"elementor-widget-wrap\">\n\t\t\t\t\t\t\t\t\t<\/div>\n\t\t<\/div>\n\t\t\t\t\t\t\t<\/div>\n\t\t<\/section>\n\t\t\t\t<section class=\"elementor-section elementor-top-section elementor-element elementor-element-8eb588b elementor-section-boxed elementor-section-height-default elementor-section-height-default\" data-id=\"8eb588b\" data-element_type=\"section\" data-settings=\"{&quot;background_background&quot;:&quot;classic&quot;}\">\n\t\t\t\t\t\t<div class=\"elementor-container elementor-column-gap-default\">\n\t\t\t\t\t<div class=\"elementor-column elementor-col-100 elementor-top-column elementor-element elementor-element-49a6a0b9\" data-id=\"49a6a0b9\" data-element_type=\"column\">\n\t\t\t<div class=\"elementor-widget-wrap elementor-element-populated\">\n\t\t\t\t\t\t\t\t<section class=\"elementor-section elementor-inner-section elementor-element elementor-element-9b1dd20 elementor-section-boxed elementor-section-height-default elementor-section-height-default\" data-id=\"9b1dd20\" data-element_type=\"section\">\n\t\t\t\t\t\t<div class=\"elementor-container elementor-column-gap-default\">\n\t\t\t\t\t<div class=\"elementor-column elementor-col-50 elementor-inner-column elementor-element elementor-element-f849046\" data-id=\"f849046\" data-element_type=\"column\">\n\t\t\t<div class=\"elementor-widget-wrap elementor-element-populated\">\n\t\t\t\t\t\t\t\t<div class=\"elementor-element elementor-element-28b6a53 elementor-widget elementor-widget-image\" data-id=\"28b6a53\" data-element_type=\"widget\" data-settings=\"{&quot;motion_fx_motion_fx_scrolling&quot;:&quot;yes&quot;,&quot;motion_fx_range&quot;:&quot;viewport&quot;,&quot;_animation_mobile&quot;:&quot;pulse&quot;,&quot;motion_fx_devices&quot;:[&quot;desktop&quot;,&quot;tablet&quot;,&quot;mobile&quot;]}\" data-widget_type=\"image.default\">\n\t\t\t\t<div class=\"elementor-widget-container\">\n\t\t\t\t\t\t\t\t\t\t\t\t\t\t\t<img loading=\"lazy\" decoding=\"async\" width=\"1024\" height=\"683\" src=\"https:\/\/nikicosmeticos.com.br\/wp-content\/uploads\/2024\/07\/IMG_17051-1024x683.jpg\" class=\"attachment-large size-large\" alt=\"\" srcset=\"https:\/\/nikicosmeticos.com.br\/wp-content\/uploads\/2024\/07\/IMG_17051-1024x683.jpg 1024w, https:\/\/nikicosmeticos.com.br\/wp-content\/uploads\/2024\/07\/IMG_17051-300x200.jpg 300w, https:\/\/nikicosmeticos.com.br\/wp-content\/uploads\/2024\/07\/IMG_17051-768x512.jpg 768w, https:\/\/nikicosmeticos.com.br\/wp-content\/uploads\/2024\/07\/IMG_17051-1536x1024.jpg 1536w, https:\/\/nikicosmeticos.com.br\/wp-content\/uploads\/2024\/07\/IMG_17051-2048x1365.jpg 2048w\" sizes=\"auto, (max-width: 1024px) 100vw, 1024px\" \/>\t\t\t\t\t\t\t\t\t\t\t\t\t\t\t<\/div>\n\t\t\t\t<\/div>\n\t\t\t\t\t<\/div>\n\t\t<\/div>\n\t\t\t\t<div class=\"elementor-column elementor-col-50 elementor-inner-column elementor-element elementor-element-5d48a8f\" data-id=\"5d48a8f\" data-element_type=\"column\">\n\t\t\t<div class=\"elementor-widget-wrap elementor-element-populated\">\n\t\t\t\t\t\t\t\t<div class=\"elementor-element elementor-element-396ac04 elementor-widget elementor-widget-text-editor\" data-id=\"396ac04\" data-element_type=\"widget\" data-settings=\"{&quot;motion_fx_motion_fx_scrolling&quot;:&quot;yes&quot;,&quot;_animation_mobile&quot;:&quot;fadeIn&quot;,&quot;motion_fx_devices&quot;:[&quot;desktop&quot;,&quot;tablet&quot;,&quot;mobile&quot;]}\" data-widget_type=\"text-editor.default\">\n\t\t\t\t<div class=\"elementor-widget-container\">\n\t\t\t\t\t\t\t<h3><span style=\"color: #339966;\">Sobre N\u00f3s &#8211; Liz Up Professional<\/span><\/h3><p><span style=\"color: #ffffff;\">Bem-vindo \u00e0 Liz Up Professional, onde Beleza, Transforma\u00e7\u00e3o e Bem-Estar se encontram. Somos uma marca apaixonada por inovar no mercado de cosm\u00e9ticos, sempre priorizando a sa\u00fade e a beleza dos seus cabelos<\/span>.<\/p><h3><span style=\"color: #339966;\">Nossa Hist\u00f3ria<\/span><\/h3><p><span style=\"color: #ffffff;\">Fundada em 2012 por Emanuel Gon\u00e7alves e Dias Sousa, a Liz Up nasceu com a miss\u00e3o de revolucionar o setor de beleza com produtos de alta qualidade e resultados excepcionais. Desde o in\u00edcio, buscamos desenvolver f\u00f3rmulas que n\u00e3o s\u00f3 transformam a apar\u00eancia dos cabelos, mas tamb\u00e9m promovem o bem-estar dos nossos clientes.<\/span><\/p><h3><span style=\"color: #339966;\">Nosso Lema<\/span><\/h3><p><span style=\"color: #ffffff;\">&#8220;Beleza, Transforma\u00e7\u00e3o e Bem-Estar&#8221; n\u00e3o s\u00e3o apenas palavras para n\u00f3s, mas princ\u00edpios que guiam cada passo do nosso trabalho. Acreditamos que a verdadeira beleza vem da sa\u00fade e do cuidado, e estamos comprometidos em oferecer produtos que proporcionem exatamente isso.<\/span><\/p><h3><span style=\"color: #339966;\">Nosso Compromisso<\/span><\/h3><p><span style=\"color: #ffffff;\">Com um forte compromisso com a natureza, nossos produtos s\u00e3o cuidadosamente formulados com ingredientes que respeitam o meio ambiente. Acreditamos que a sustentabilidade e a beleza devem andar de m\u00e3os dadas, e por isso, nos orgulhamos de ser uma marca amante da natureza.<\/span><\/p><p>\u00a0<\/p>\t\t\t\t\t\t<\/div>\n\t\t\t\t<\/div>\n\t\t\t\t\t<\/div>\n\t\t<\/div>\n\t\t\t\t\t\t\t<\/div>\n\t\t<\/section>\n\t\t\t\t<div class=\"elementor-element elementor-element-c9a9fa7 elementor-align-center elementor-widget elementor-widget-button\" data-id=\"c9a9fa7\" data-element_type=\"widget\" data-settings=\"{&quot;motion_fx_motion_fx_scrolling&quot;:&quot;yes&quot;,&quot;motion_fx_range&quot;:&quot;page&quot;,&quot;_animation_mobile&quot;:&quot;bounce&quot;,&quot;motion_fx_devices&quot;:[&quot;desktop&quot;,&quot;tablet&quot;,&quot;mobile&quot;]}\" data-widget_type=\"button.default\">\n\t\t\t\t<div class=\"elementor-widget-container\">\n\t\t\t\t\t<div class=\"elementor-button-wrapper\">\n\t\t\t<a href=\"https:\/\/api.whatsapp.com\/send?phone=554799487123&#038;text=Eu%20quero%20comprar%20um%20produto\" class=\"elementor-button-link elementor-button elementor-size-lg\" role=\"button\">\n\t\t\t\t\t\t<span class=\"elementor-button-content-wrapper\">\n\t\t\t\t\t\t<span class=\"elementor-button-text\">Falar com um Atendente<\/span>\n\t\t<\/span>\n\t\t\t\t\t<\/a>\n\t\t<\/div>\n\t\t\t\t<\/div>\n\t\t\t\t<\/div>\n\t\t\t\t<div class=\"elementor-element elementor-element-42726028 elementor-widget elementor-widget-text-editor\" data-id=\"42726028\" data-element_type=\"widget\" data-widget_type=\"text-editor.default\">\n\t\t\t\t<div class=\"elementor-widget-container\">\n\t\t\t\t\t\t\t<p>2024. Todos os direitos reservados.\u00a0<\/p>\t\t\t\t\t\t<\/div>\n\t\t\t\t<\/div>\n\t\t\t\t\t<\/div>\n\t\t<\/div>\n\t\t\t\t\t\t\t<\/div>\n\t\t<\/section>\n\t\t\t\t\t\t<\/div>\n\t\t\t\t\t<\/div>\n\t\t","protected":false},"excerpt":{"rendered":"<p>Sobre N\u00f3s &#8211; Liz Up Professional Bem-vindo \u00e0 Liz Up Professional, onde Beleza, Transforma\u00e7\u00e3o e Bem-Estar se encontram. Somos uma marca apaixonada por inovar no mercado de cosm\u00e9ticos, sempre priorizando a sa\u00fade e a beleza dos seus cabelos. Nossa Hist\u00f3ria Fundada em 2012 por Emanuel Gon\u00e7alves e Dias Sousa, a Liz Up nasceu com a [&hellip;]<\/p>\n","protected":false},"author":1,"featured_media":0,"parent":0,"menu_order":0,"comment_status":"closed","ping_status":"closed","template":"elementor_canvas","meta":{"footnotes":""},"class_list":["post-16","page","type-page","status-publish","hentry"],"_links":{"self":[{"href":"https:\/\/nikicosmeticos.com.br\/index.php\/wp-json\/wp\/v2\/pages\/16","targetHints":{"allow":["GET"]}}],"collection":[{"href":"https:\/\/nikicosmeticos.com.br\/index.php\/wp-json\/wp\/v2\/pages"}],"about":[{"href":"https:\/\/nikicosmeticos.com.br\/index.php\/wp-json\/wp\/v2\/types\/page"}],"author":[{"embeddable":true,"href":"https:\/\/nikicosmeticos.com.br\/index.php\/wp-json\/wp\/v2\/users\/1"}],"replies":[{"embeddable":true,"href":"https:\/\/nikicosmeticos.com.br\/index.php\/wp-json\/wp\/v2\/comments?post=16"}],"version-history":[{"count":14,"href":"https:\/\/nikicosmeticos.com.br\/index.php\/wp-json\/wp\/v2\/pages\/16\/revisions"}],"predecessor-version":[{"id":49,"href":"https:\/\/nikicosmeticos.com.br\/index.php\/wp-json\/wp\/v2\/pages\/16\/revisions\/49"}],"wp:attachment":[{"href":"https:\/\/nikicosmeticos.com.br\/index.php\/wp-json\/wp\/v2\/media?parent=16"}],"curies":[{"name":"wp","href":"https:\/\/api.w.org\/{rel}","templated":true}]}}